{"id":1611,"date":"2020-03-12T22:48:15","date_gmt":"2020-03-12T22:48:15","guid":{"rendered":"https:\/\/elisaba.com\/?page_id=1611"},"modified":"2023-01-16T14:05:25","modified_gmt":"2023-01-16T14:05:25","slug":"curso-excel-financiero","status":"publish","type":"page","link":"https:\/\/elisaba.com\/index.php\/curso-excel-financiero\/","title":{"rendered":"Curso de Excel Financiero"},"content":{"rendered":"<p>[vc_row row_type=\u00bbparallax\u00bb parallax_content_width=\u00bbin_grid\u00bb text_align=\u00bbleft\u00bb background_image=\u00bb60&#8243; full_screen_section_height=\u00bbno\u00bb][vc_column][vc_empty_space height=\u00bb50px\u00bb][vc_separator type=\u00bbnormal\u00bb][\/vc_column][\/vc_row][vc_row row_type=\u00bbparallax\u00bb parallax_content_width=\u00bbin_grid\u00bb text_align=\u00bbleft\u00bb background_image=\u00bb60&#8243; full_screen_section_height=\u00bbno\u00bb][vc_column width=\u00bb1\/6&#8243;][vc_empty_space height=\u00bb70px\u00bb][vc_single_image image=\u00bb1142&#8243; img_size=\u00bbfull\u00bb alignment=\u00bbcenter\u00bb qode_css_animation=\u00bb\u00bb][vc_separator type=\u00bbnormal\u00bb][\/vc_column][vc_column width=\u00bb2\/3&#8243;][vc_empty_space][vc_column_text]<\/p>\n<h4 style=\"text-align: center;\"><strong><span style=\"color: #981331;\">CURSO DE EXCEL FINANCIERO<\/span><\/strong><\/h4>\n<p>[\/vc_column_text][vc_empty_space][vc_column_text]El curso de Excel financiero te permitir\u00e1 conocer las funciones proporcionadas por Microsoft Excel las cuales desarrollan una gran variedad de c\u00e1lculos financieros, en este curso se presentar\u00e1n los temas desde el punto de vista conceptual, explicando las f\u00f3rmulas financieras que se utilizar\u00e1n para que el estudiante pueda aplicar el conocimiento aprendido con ejercicios pr\u00e1cticos de planificaci\u00f3n financiera y modelaci\u00f3n para luego realizar tanto an\u00e1lisis de sensibilidad de proyectos como ejercicios de evaluaci\u00f3n financiera.<\/p>\n<h6>Excel para los m\u00e1s avanzados<\/h6>\n<p>Un curso ideal para profesionales\u00a0que tengan un constante movimiento financiero y deseen aprender los pasos correctos para llevar un file ordenado de manera automatizada.<\/p>\n<p>&nbsp;<\/p>\n<p dir=\"ltr\"><span style=\"color: #808080;\">Recuerda que en <span style=\"color: #800000;\"><a style=\"color: #800000;\" href=\"http:\/\/www.Elisaba.com\">Elisaba School<\/a><\/span> puedes repetir el curso completo o recuperar tus clases sin ning\u00fan costo en cualquiera de nuestros <a href=\"http:\/\/www.elisaba.com\">horarios<\/a>\u00a0de lunes a viernes o fines de semana.\u00a0<\/span><\/p>\n<p><span style=\"color: #ffffff;\">Elisaba School\u00a0 www.elisaba.com<\/span>[\/vc_column_text][vc_single_image image=\u00bb1612&#8243; img_size=\u00bb550&#215;490&#8243; alignment=\u00bbcenter\u00bb qode_css_animation=\u00bb\u00bb][vc_empty_space][vc_separator type=\u00bbnormal\u00bb][vc_column_text]<strong><span style=\"color: #981331;\">Objetivos:<\/span><br \/>\n<\/strong><\/p>\n<div class=\"wpb_text_column wpb_content_element \">\n<div class=\"wpb_wrapper\">\n<ul>\n<li>Obtener el mayor beneficio en el uso de las funciones financieras que est\u00e1n disponibles en la hoja de c\u00e1lculo de Microsoft Excel para manejar las diversas aplicaciones financieras. Combinar las funciones financieras con funciones complementarias, para lograr la automatizaci\u00f3n del an\u00e1lisis. Proporcionar a los participantes las funciones financieras y herramientas para el an\u00e1lisis de sensibilidad de casos de decisiones de rentabilidad y riesgo.Utilizar las matem\u00e1ticas financieras como herramienta, con el objetivo de conocer el valor del dinero en el tiempo.<\/li>\n<\/ul>\n<\/div>\n<\/div>\n<p>[\/vc_column_text][vc_separator type=\u00bbnormal\u00bb][vc_column_text]<strong><span style=\"color: #983113;\">\u00bfA quien est\u00e1 destinado?<\/span><\/strong><\/p>\n<p>El curso de Excel financiero va dirigido a personal del \u00e1rea financiera con inter\u00e9s en reforzar sus conocimientos sobre rentabilidad, proyectos de inversi\u00f3n y metodolog\u00edas de c\u00e1lculo matem\u00e1tico financiero. Personal de \u00e1reas diferentes a la financiera que por sus funciones administrativas que requieren de las matem\u00e1ticas financieras o ingenier\u00eda econ\u00f3mica para analizar propuestas de fijaci\u00f3n de descuentos, costos, financiaci\u00f3n, inversi\u00f3n y lograr una mejor interacci\u00f3n con los funcionarios de finanzas, en su contribuci\u00f3n al logro del objetivo financiero de maximizar el valor de la compa\u00f1\u00eda.[\/vc_column_text][vc_separator type=\u00bbnormal\u00bb][vc_column_text]<strong><span style=\"color: #983113;\">Conocimientos previos<\/span><\/strong><\/p>\n<ul>\n<li>Conocimiento intermedio de Microsoft Excel<\/li>\n<li>Uso solvente del computador<\/li>\n<\/ul>\n<p>[\/vc_column_text][vc_separator type=\u00bbnormal\u00bb][vc_accordion active_tab=\u00bb1&#8243; style=\u00bbboxed_accordion\u00bb][vc_accordion_tab title=\u00bb\u00bfPorqu\u00e9 capacitarse con nosotros?\u00bb title_color=\u00bb#a82626&#8243; title_tag=\u00bbh6&#8243;][vc_row_inner row_type=\u00bbrow\u00bb type=\u00bbfull_width\u00bb text_align=\u00bbleft\u00bb css_animation=\u00bb\u00bb][vc_column_inner width=\u00bb1\/2&#8243;][vc_single_image image=\u00bb1525&#8243; img_size=\u00bbmedium\u00bb alignment=\u00bbcenter\u00bb style=\u00bbvc_box_shadow_border\u00bb qode_css_animation=\u00bb\u00bb][\/vc_column_inner][vc_column_inner width=\u00bb1\/2&#8243;][vc_column_text]Contamos con profesores altamente calificados en la rama financiera y contable con experiencia en agencias bancarias y comerciales, docencia universitaria y t\u00edtulos de tercer nivel con registro profesional.<\/p>\n<p><img decoding=\"async\" class=\"alignnone size-medium wp-image-1524\" src=\"https:\/\/elisaba.com\/wp-content\/uploads\/2020\/02\/codigo-setec-300x78.jpg\" alt=\"\" width=\"300\" height=\"78\" srcset=\"https:\/\/elisaba.com\/wp-content\/uploads\/2020\/02\/codigo-setec-300x78.jpg 300w, https:\/\/elisaba.com\/wp-content\/uploads\/2020\/02\/codigo-setec.jpg 344w\" sizes=\"(max-width: 300px) 100vw, 300px\" \/><\/p>\n<p>Adem\u00e1s contamos con instalaciones totalmente equipadas las cuales garantizan un \u00f3ptimo aprendizaje y comodidad para nuestros clientes.[\/vc_column_text][\/vc_column_inner][\/vc_row_inner][\/vc_accordion_tab][vc_accordion_tab title=\u00bb\u00bfQue incluye nuestro curso de capacitaci\u00f3n?\u00bb title_color=\u00bb#a82626&#8243; title_tag=\u00bbh6&#8243;][vc_row_inner row_type=\u00bbrow\u00bb type=\u00bbfull_width\u00bb text_align=\u00bbleft\u00bb css_animation=\u00bb\u00bb][vc_column_inner width=\u00bb1\/2&#8243;][vc_single_image image=\u00bb1147&#8243; img_size=\u00bbfull\u00bb alignment=\u00bbcenter\u00bb qode_css_animation=\u00bb\u00bb][\/vc_column_inner][vc_column_inner width=\u00bb1\/2&#8243;][vc_column_text]<\/p>\n<h3 class=\"uk-margin-top-remove\"><span style=\"color: #983113;\">El curso incluye:<\/span><\/h3>\n<p>-Material did\u00e1ctico<\/p>\n<p>-Capacitaci\u00f3n con un docente experto en la materia.<\/p>\n<p>-Uso de laboratorios y aulas equipadas (no requiere traer computadora)<\/p>\n<p>-Certificado ELISABA school &#8211; Centro de capacitaci\u00f3n profesional avalado por la SETEC.gob.ec<\/p>\n<p>-Manual instructivo de todo el contenido aprendido en el curso.<\/p>\n<ul>\n<li><span style=\"color: #800000;\"><strong>NOTA: <span style=\"color: #808080;\">En Elisaba School puedes repetir el curso o volver a nivelarte sin ning\u00fan costo adicional en cualquiera de nuestros horarios disponibles.<\/span><\/strong><\/span><\/li>\n<\/ul>\n<p>[\/vc_column_text][\/vc_column_inner][\/vc_row_inner][\/vc_accordion_tab][\/vc_accordion][vc_single_image image=\u00bb1255&#8243; img_size=\u00bbfull\u00bb alignment=\u00bbcenter\u00bb qode_css_animation=\u00bb\u00bb][\/vc_column][vc_column width=\u00bb1\/6&#8243;][vc_empty_space height=\u00bb70px\u00bb]<div class='qode_carousels_holder clearfix'><div class='qode_carousels' data-number-of-visible-items=''><ul class='slides'><li class='item'><div class=\"carousel_item_holder\"><span class='first_image_holder '><img itemprop=\"image\" src=\"http:\/\/elisaba.com\/wp-content\/uploads\/2019\/07\/num.png\" alt=\"carousel image\" \/><\/span><\/div><\/li><li class='item'><div class=\"carousel_item_holder\"><span class='first_image_holder '><img itemprop=\"image\" src=\"http:\/\/elisaba.com\/wp-content\/uploads\/2019\/07\/nume.png\" alt=\"carousel image\" \/><\/span><\/div><\/li><li class='item'><div class=\"carousel_item_holder\"><span class='first_image_holder '><img itemprop=\"image\" src=\"http:\/\/elisaba.com\/wp-content\/uploads\/2019\/07\/cel.png\" alt=\"carousel image\" \/><\/span><\/div><\/li><li class='item'><div class=\"carousel_item_holder\"><span class='first_image_holder '><img itemprop=\"image\" src=\"http:\/\/elisaba.com\/wp-content\/uploads\/2019\/07\/der.png\" alt=\"carousel image\" \/><\/span><\/div><\/li><\/ul><\/div><\/div>[vc_separator type=\u00bbnormal\u00bb][vc_column_text]<strong>Quito<\/strong><\/p>\n<p>Pr\u00f3xima re apertura[\/vc_column_text][vc_single_image image=\u00bb1149&#8243; img_size=\u00bbfull\u00bb alignment=\u00bbcenter\u00bb style=\u00bbvc_box_shadow_3d\u00bb qode_css_animation=\u00bb\u00bb][vc_separator type=\u00bbnormal\u00bb][\/vc_column][\/vc_row][vc_row css_animation=\u00bb\u00bb row_type=\u00bbrow\u00bb use_row_as_full_screen_section=\u00bbno\u00bb type=\u00bbfull_width\u00bb angled_section=\u00bbno\u00bb text_align=\u00bbleft\u00bb background_image_as_pattern=\u00bbwithout_pattern\u00bb][vc_column width=\u00bb1\/6&#8243;][\/vc_column][vc_column width=\u00bb2\/3&#8243;]<div class=\"custom_font_holder\" style=\" font-size: 15px; line-height: 26px; font-style: italic; font-weight: 300; text-decoration: none; text-shadow: 1px 1px 2px rgba(0, 0, 0, 0.4); text-align: center;\">\n<h4 style=\"text-align: center;\"><strong><span style=\"color: #800000;\">Temario: Curso de Excel Financiero<\/span><\/strong><\/h4>\n<\/div>[vc_empty_space height=\u00bb60px\u00bb][\/vc_column][vc_column width=\u00bb1\/6&#8243;][\/vc_column][\/vc_row][vc_row css_animation=\u00bb\u00bb row_type=\u00bbrow\u00bb use_row_as_full_screen_section=\u00bbno\u00bb type=\u00bbfull_width\u00bb angled_section=\u00bbno\u00bb text_align=\u00bbleft\u00bb background_image_as_pattern=\u00bbwithout_pattern\u00bb][vc_column width=\u00bb1\/6&#8243;][\/vc_column][vc_column width=\u00bb1\/3&#8243;]<div class='q_list circle light'><\/p>\n<h5><span style=\"color: #800000;\">M\u00f3dulo 1: Excel y fundamentos para aplicaciones financieras<\/span><\/h5>\n<ul>\n<li><span style=\"color: #808080;\">Referencias relativas, absolutas y mixtas.<\/span><\/li>\n<li><span style=\"color: #808080;\">Manejo de datos, eliminar filas duplicadas, validaci\u00f3n de datos, ordenar, buscar, reemplazar.<\/span><\/li>\n<li><span style=\"color: #808080;\">Formato de celdas, fuente, alineaci\u00f3n, fuentes, bordes, formato condicional.<\/span><\/li>\n<li><span style=\"color: #808080;\">Funciones, autosuma, funciones frecuentes, fecha, funciones l\u00f3gicas y funciones financieras.<\/span><\/li>\n<li><span style=\"color: #808080;\">Construcci\u00f3n de f\u00f3rmulas b\u00e1sicas.<\/span><\/li>\n<li><span style=\"color: #808080;\">Estructura, autoajustar, mostrar, ocultar, insertar, eliminar.<\/span><\/li>\n<li><span style=\"color: #808080;\">Gr\u00e1ficos, a\u00f1adir series de datos, modificar tama\u00f1o, posici\u00f3n, formato.<\/span><\/li>\n<li><span style=\"color: #808080;\">Insertar formas, diagramas, tablas, filtros.<\/span><\/li>\n<li><span style=\"color: #808080;\">Tablas din\u00e1micas e introducci\u00f3n a macros.<\/span><\/li>\n<\/ul>\n<p><\/div>[\/vc_column][vc_column width=\u00bb1\/3&#8243;]<div class='q_list circle'><\/p>\n<h6><span style=\"color: #800000;\">M\u00f3dulo2: Matem\u00e1tica financiera y contabilidad en Excel.<\/span><\/h6>\n<ul>\n<li><span style=\"color: #808080;\">Inter\u00e9s simple, inter\u00e9s compuesto, anualidades. Caso pr\u00e1ctico.<\/span><\/li>\n<li><span style=\"color: #808080;\">Valor del dinero en el tiempo, futuro, presente. Caso pr\u00e1ctico.<\/span><\/li>\n<li><span style=\"color: #808080;\">Ciclo contable, jornalizaci\u00f3n, mayorizaci\u00f3n, balance general, estado de resultado. Caso pr\u00e1ctico: construcci\u00f3n de una hoja en Excel para registro y control de las cuentas familiares: libro diario y mayor con alertas de ratios.<\/span><\/li>\n<li><span style=\"color: #808080;\">Ingresos y egresos, flujos de caja, presupuestos. Caso pr\u00e1ctico<\/span><\/li>\n<li><span style=\"color: #808080;\">Elaboraci\u00f3n de proyecciones, evaluaci\u00f3n de escenarios. Caso pr\u00e1ctico.<\/span><\/li>\n<li><span style=\"color: #808080;\">Tabla de amortizaci\u00f3n. Caso pr\u00e1ctico: compra de un veh\u00edculo.<\/span><\/li>\n<li><span style=\"color: #808080;\">An\u00e1lisis financiero vertical y horizontal. Caso pr\u00e1ctico<\/span><\/li>\n<li><span style=\"color: #808080;\">Ratios de rendimiento, eficiencia, liquidez, Dupont. Caso pr\u00e1ctico<\/span><\/li>\n<\/ul>\n<p><span style=\"color: #800000;\"><strong>Nota:<\/strong> Los temarios de ElisabaSchool tambi\u00e9n se ajustan a la necesidad de nuestros alumnos en conjunto con el docente al inicio de cada clase.<\/span><\/p>\n<p>&nbsp;<\/p>\n<p>&nbsp;<\/p>\n<p style=\"text-align: center;\"><em><img decoding=\"async\" class=\"alignnone wp-image-363\" src=\"https:\/\/elisaba.com\/wp-content\/uploads\/2019\/07\/logo-300x45.png\" alt=\"\" width=\"200\" height=\"30\" srcset=\"https:\/\/elisaba.com\/wp-content\/uploads\/2019\/07\/logo-300x45.png 300w, https:\/\/elisaba.com\/wp-content\/uploads\/2019\/07\/logo-600x91.png 600w, https:\/\/elisaba.com\/wp-content\/uploads\/2019\/07\/logo-768x116.png 768w, https:\/\/elisaba.com\/wp-content\/uploads\/2019\/07\/logo-1024x155.png 1024w, https:\/\/elisaba.com\/wp-content\/uploads\/2019\/07\/logo-700x106.png 700w, https:\/\/elisaba.com\/wp-content\/uploads\/2019\/07\/logo.png 1437w\" sizes=\"(max-width: 200px) 100vw, 200px\" \/><\/em><\/p>\n<p><\/div>[\/vc_column][vc_column width=\u00bb1\/6&#8243;][\/vc_column][\/vc_row][vc_row css_animation=\u00bb\u00bb row_type=\u00bbrow\u00bb use_row_as_full_screen_section=\u00bbno\u00bb type=\u00bbfull_width\u00bb angled_section=\u00bbno\u00bb text_align=\u00bbleft\u00bb background_image_as_pattern=\u00bbwithout_pattern\u00bb][vc_column][vc_empty_space height=\u00bb60px\u00bb][\/vc_column][\/vc_row]<\/p>\n","protected":false},"excerpt":{"rendered":"<p>[vc_row row_type=\u00bbparallax\u00bb parallax_content_width=\u00bbin_grid\u00bb text_align=\u00bbleft\u00bb background_image=\u00bb60&#8243; full_screen_section_height=\u00bbno\u00bb][vc_column][vc_empty_space height=\u00bb50px\u00bb][vc_separator type=\u00bbnormal\u00bb][\/vc_column][\/vc_row][vc_row row_type=\u00bbparallax\u00bb parallax_content_width=\u00bbin_grid\u00bb text_align=\u00bbleft\u00bb background_image=\u00bb60&#8243; full_screen_section_height=\u00bbno\u00bb][vc_column width=\u00bb1\/6&#8243;][vc_empty_space height=\u00bb70px\u00bb][vc_single_image image=\u00bb1142&#8243; img_size=\u00bbfull\u00bb alignment=\u00bbcenter\u00bb qode_css_animation=\u00bb\u00bb][vc_separator type=\u00bbnormal\u00bb][\/vc_column][vc_column width=\u00bb2\/3&#8243;][vc_empty_space][vc_column_text] CURSO DE EXCEL FINANCIERO [\/vc_column_text][vc_empty_space][vc_column_text]El curso de Excel financiero te permitir\u00e1 conocer las funciones proporcionadas por Microsoft Excel las cuales desarrollan una gran variedad&#8230;<\/p>\n","protected":false},"author":1,"featured_media":1525,"parent":0,"menu_order":0,"comment_status":"closed","ping_status":"closed","template":"","meta":{"footnotes":""},"_links":{"self":[{"href":"https:\/\/elisaba.com\/index.php\/wp-json\/wp\/v2\/pages\/1611"}],"collection":[{"href":"https:\/\/elisaba.com\/index.php\/wp-json\/wp\/v2\/pages"}],"about":[{"href":"https:\/\/elisaba.com\/index.php\/wp-json\/wp\/v2\/types\/page"}],"author":[{"embeddable":true,"href":"https:\/\/elisaba.com\/index.php\/wp-json\/wp\/v2\/users\/1"}],"replies":[{"embeddable":true,"href":"https:\/\/elisaba.com\/index.php\/wp-json\/wp\/v2\/comments?post=1611"}],"version-history":[{"count":8,"href":"https:\/\/elisaba.com\/index.php\/wp-json\/wp\/v2\/pages\/1611\/revisions"}],"predecessor-version":[{"id":1824,"href":"https:\/\/elisaba.com\/index.php\/wp-json\/wp\/v2\/pages\/1611\/revisions\/1824"}],"wp:featuredmedia":[{"embeddable":true,"href":"https:\/\/elisaba.com\/index.php\/wp-json\/wp\/v2\/media\/1525"}],"wp:attachment":[{"href":"https:\/\/elisaba.com\/index.php\/wp-json\/wp\/v2\/media?parent=1611"}],"curies":[{"name":"wp","href":"https:\/\/api.w.org\/{rel}","templated":true}]}}