{"id":258,"date":"2016-05-17T08:08:32","date_gmt":"2016-05-17T08:08:32","guid":{"rendered":"http:\/\/bridge37.qodeinteractive.com\/?page_id=4"},"modified":"2024-07-11T23:08:11","modified_gmt":"2024-07-11T23:08:11","slug":"elisaba-school","status":"publish","type":"page","link":"https:\/\/elisaba.com\/","title":{"rendered":"Cursos de capacitaci\u00f3n en Quito"},"content":{"rendered":"<p>[vc_row row_type=\u00bbparallax\u00bb parallax_content_width=\u00bbfull_width\u00bb text_align=\u00bbcenter\u00bb background_image=\u00bb60&#8243; full_screen_section_height=\u00bbyes\u00bb vertically_align_content_in_middle=\u00bbyes\u00bb][vc_column][vc_empty_space height=\u00bb50px\u00bb][\/vc_column][vc_column][vc_column_text]<span style=\"color: #ffffff;\">Curso de Dise\u00f1o Gr\u00e1fico \u2502 Curso de Excel \u2502Curso de Redes Sociales\u2502Marketing Digital\u2502Cursos Online.<\/span>[\/vc_column_text][vc_single_image image=\u00bb1464&#8243; img_size=\u00bbfull\u00bb alignment=\u00bbcenter\u00bb qode_css_animation=\u00bb\u00bb][\/vc_column][\/vc_row][vc_row css_animation=\u00bb\u00bb row_type=\u00bbrow\u00bb use_row_as_full_screen_section=\u00bbno\u00bb type=\u00bbgrid\u00bb anchor=\u00bbtop\u00bb angled_section=\u00bbno\u00bb text_align=\u00bbcenter\u00bb background_image_as_pattern=\u00bbwithout_pattern\u00bb css=\u00bb.vc_custom_1463484603066{padding-top: 130px !important;}\u00bb][vc_column][vc_column_text]<\/p>\n<h6 style=\"text-align: center;\"><span style=\"color: #931730;\">\u00a0<span style=\"color: #800000;\"><a style=\"color: #800000;\" href=\"http:\/\/www.elisaba.com\">ELISABA SCHOOL QUITO<\/a><\/span> <span style=\"color: #808080;\">\u00a0<\/span><\/span><span style=\"color: #931730;\"><img decoding=\"async\" class=\"alignnone wp-image-701\" src=\"https:\/\/elisaba.com\/wp-content\/uploads\/2019\/08\/isotipo-elisaba2-01-300x300.png\" alt=\"\" width=\"26\" height=\"26\" srcset=\"https:\/\/elisaba.com\/wp-content\/uploads\/2019\/08\/isotipo-elisaba2-01-300x300.png 300w, https:\/\/elisaba.com\/wp-content\/uploads\/2019\/08\/isotipo-elisaba2-01-100x100.png 100w, https:\/\/elisaba.com\/wp-content\/uploads\/2019\/08\/isotipo-elisaba2-01-600x599.png 600w, https:\/\/elisaba.com\/wp-content\/uploads\/2019\/08\/isotipo-elisaba2-01-150x150.png 150w, https:\/\/elisaba.com\/wp-content\/uploads\/2019\/08\/isotipo-elisaba2-01-768x767.png 768w, https:\/\/elisaba.com\/wp-content\/uploads\/2019\/08\/isotipo-elisaba2-01-1024x1024.png 1024w, https:\/\/elisaba.com\/wp-content\/uploads\/2019\/08\/isotipo-elisaba2-01-570x570.png 570w, https:\/\/elisaba.com\/wp-content\/uploads\/2019\/08\/isotipo-elisaba2-01-500x500.png 500w, https:\/\/elisaba.com\/wp-content\/uploads\/2019\/08\/isotipo-elisaba2-01-1000x1000.png 1000w, https:\/\/elisaba.com\/wp-content\/uploads\/2019\/08\/isotipo-elisaba2-01-700x699.png 700w, https:\/\/elisaba.com\/wp-content\/uploads\/2019\/08\/isotipo-elisaba2-01.png 1068w\" sizes=\"(max-width: 26px) 100vw, 26px\" \/><\/span><\/h6>\n<h6 style=\"text-align: center;\"><span style=\"color: #931730;\"><span style=\"color: #808080;\">Pr\u00f3xima Re apertura<\/span><\/span><\/h6>\n<p>[\/vc_column_text][vc_single_image image=\u00bb152&#8243; img_size=\u00bbfull\u00bb alignment=\u00bbcenter\u00bb qode_css_animation=\u00bb\u00bb][\/vc_column][\/vc_row][vc_row css_animation=\u00bb\u00bb row_type=\u00bbrow\u00bb use_row_as_full_screen_section=\u00bbno\u00bb type=\u00bbgrid\u00bb angled_section=\u00bbno\u00bb text_align=\u00bbcenter\u00bb background_image_as_pattern=\u00bbwithout_pattern\u00bb][vc_column width=\u00bb1\/4&#8243; offset=\u00bbvc_col-lg-3 vc_col-md-3&#8243;][vc_single_image image=\u00bb1591&#8243; img_size=\u00bbmedium\u00bb style=\u00bbvc_box_outline_circle_2&#8243; onclick=\u00bbcustom_link\u00bb img_link_target=\u00bb_blank\u00bb qode_css_animation=\u00bb\u00bb qode_hover_animation=\u00bbdarken\u00bb link=\u00bbhttp:\/\/elisaba.com\/index.php\/services\/curso-diseno-grafico\/\u00bb][vc_empty_space height=\u00bb10px\u00bb][vc_column_text]<\/p>\n<p style=\"text-align: left;\"><a href=\"http:\/\/elisaba.com\/index.php\/services\/curso-diseno-grafico\/\"><strong>Curso de Dise\u00f1o Gr\u00e1fico<\/strong><\/a><\/p>\n<h6 style=\"text-align: left;\"><span style=\"color: #808080;\">(Ilustrador, Photoshop, Indesign)<\/span><\/h6>\n<p>[\/vc_column_text][vc_column_text]<\/p>\n<ul style=\"text-align: left;\">\n<li style=\"text-align: left;\">09H00 a 11H00<\/li>\n<li>18H00 a 20H00<\/li>\n<\/ul>\n<p style=\"text-align: left;\"><img decoding=\"async\" class=\"alignnone size-full wp-image-1633 alignleft\" src=\"https:\/\/elisaba.com\/wp-content\/uploads\/2020\/03\/boton-web2.png\" alt=\"\" width=\"158\" height=\"45\" \/><\/p>\n<p>[\/vc_column_text][vc_empty_space height=\u00bb55px\u00bb][\/vc_column][vc_column width=\u00bb1\/4&#8243; offset=\u00bbvc_col-lg-3 vc_col-md-3&#8243;][vc_single_image image=\u00bb1590&#8243; img_size=\u00bbmedium\u00bb style=\u00bbvc_box_outline_circle_2&#8243; onclick=\u00bbcustom_link\u00bb img_link_target=\u00bb_blank\u00bb qode_css_animation=\u00bb\u00bb qode_hover_animation=\u00bbdarken\u00bb link=\u00bbhttps:\/\/elisaba.com\/index.php\/redes-sociales-para-negocios\/\u00bb][vc_empty_space height=\u00bb10px\u00bb][vc_column_text]<\/p>\n<p style=\"text-align: left;\"><a href=\"https:\/\/elisaba.com\/index.php\/redes-sociales-para-negocios\/\"><strong>Curso de Redes Sociales aplicado a PYMES<\/strong><\/a><\/p>\n<h6 style=\"text-align: left;\"><span style=\"color: #808080;\">(Facebook Ads, Instagram Ads, Dise\u00f1o Publicitario)<\/span><\/h6>\n<p>[\/vc_column_text][vc_column_text]<\/p>\n<ul style=\"text-align: left;\">\n<li>19H00 a 21H00<\/li>\n<\/ul>\n<p><img decoding=\"async\" class=\"alignnone size-full wp-image-1633 alignleft\" src=\"https:\/\/elisaba.com\/wp-content\/uploads\/2020\/03\/boton-web2.png\" alt=\"\" width=\"158\" height=\"45\" \/>[\/vc_column_text][vc_empty_space height=\u00bb55px\u00bb][\/vc_column][vc_column width=\u00bb1\/4&#8243; offset=\u00bbvc_col-lg-3 vc_col-md-3&#8243;][vc_single_image image=\u00bb1026&#8243; img_size=\u00bbmedium\u00bb style=\u00bbvc_box_outline_circle_2&#8243; onclick=\u00bbcustom_link\u00bb img_link_target=\u00bb_blank\u00bb qode_css_animation=\u00bb\u00bb qode_hover_animation=\u00bbdarken\u00bb link=\u00bbhttps:\/\/elisaba.com\/index.php\/curso-excel-completo\/\u00bb][vc_empty_space height=\u00bb10px\u00bb][vc_column_text]<\/p>\n<p style=\"text-align: left;\"><a href=\"https:\/\/elisaba.com\/index.php\/curso-excel-completo\/\"><strong>Curso de Excel Completo<\/strong><\/a><\/p>\n<h6 style=\"text-align: left;\"><span style=\"color: #808080;\">(B\u00e1sico-Intermedio-avanzado)<\/span><\/h6>\n<p>[\/vc_column_text][vc_column_text]<\/p>\n<ul style=\"text-align: left;\">\n<li style=\"text-align: left;\">Curso Personalizado para instituciones<\/li>\n<\/ul>\n<p><img decoding=\"async\" class=\"alignnone size-full wp-image-1633 alignleft\" src=\"https:\/\/elisaba.com\/wp-content\/uploads\/2020\/03\/boton-web2.png\" alt=\"\" width=\"158\" height=\"45\" \/>[\/vc_column_text][vc_empty_space height=\u00bb55px\u00bb][\/vc_column][vc_column width=\u00bb1\/4&#8243; offset=\u00bbvc_col-lg-3 vc_col-md-3&#8243;][vc_single_image image=\u00bb947&#8243; img_size=\u00bbmedium\u00bb style=\u00bbvc_box_outline_circle_2&#8243; onclick=\u00bbcustom_link\u00bb img_link_target=\u00bb_blank\u00bb qode_css_animation=\u00bb\u00bb qode_hover_animation=\u00bbdarken\u00bb link=\u00bbhttps:\/\/elisaba.com\/index.php\/cursos-de-excel-avanzado\/\u00bb][vc_empty_space height=\u00bb10px\u00bb][vc_column_text]<\/p>\n<p style=\"text-align: left;\"><a href=\"https:\/\/elisaba.com\/index.php\/cursos-de-excel-avanzado\/\"><strong>Curso de Excel Avanzado<\/strong><\/a><\/p>\n<h6 style=\"text-align: left;\"><span style=\"color: #808080;\">(Intermedio &#8211; Avanzado)<\/span><\/h6>\n<p>[\/vc_column_text][vc_column_text]<\/p>\n<ul style=\"text-align: left;\">\n<li>Curso personalizado<\/li>\n<li>1 profesor por alumno<\/li>\n<\/ul>\n<p><img decoding=\"async\" class=\"alignnone size-full wp-image-1633 alignleft\" src=\"https:\/\/elisaba.com\/wp-content\/uploads\/2020\/03\/boton-web2.png\" alt=\"\" width=\"158\" height=\"45\" \/>[\/vc_column_text][vc_empty_space height=\u00bb55px\u00bb][\/vc_column][vc_column][vc_separator css_animation=\u00bbfadeInDown\u00bb type=\u00bbnormal\u00bb][vc_empty_space height=\u00bb20px\u00bb][\/vc_column][\/vc_row][vc_row css_animation=\u00bb\u00bb row_type=\u00bbrow\u00bb use_row_as_full_screen_section=\u00bbno\u00bb type=\u00bbgrid\u00bb angled_section=\u00bbno\u00bb text_align=\u00bbcenter\u00bb background_image_as_pattern=\u00bbwithout_pattern\u00bb][vc_column width=\u00bb1\/4&#8243; offset=\u00bbvc_col-lg-3 vc_col-md-3&#8243;][vc_single_image image=\u00bb1017&#8243; img_size=\u00bbmedium\u00bb style=\u00bbvc_box_outline_circle_2&#8243; onclick=\u00bbcustom_link\u00bb img_link_target=\u00bb_blank\u00bb qode_css_animation=\u00bb\u00bb qode_hover_animation=\u00bbdarken\u00bb link=\u00bbhttps:\/\/elisaba.com\/index.php\/curso-community-manager-marketing\/\u00bb][vc_empty_space height=\u00bb10px\u00bb][vc_column_text]<\/p>\n<p style=\"text-align: left;\"><a href=\"https:\/\/elisaba.com\/index.php\/curso-community-manager-marketing\/\"><strong>\u00a0Curso Community Manager &amp; Marketing digital\u00a0<\/strong><\/a><\/p>\n<p>[\/vc_column_text][vc_column_text]<\/p>\n<ul style=\"text-align: left;\">\n<li>Curso personalizado<\/li>\n<li>1 profesor por alumno<\/li>\n<\/ul>\n<p><img decoding=\"async\" class=\"alignnone size-full wp-image-1633 alignleft\" src=\"https:\/\/elisaba.com\/wp-content\/uploads\/2020\/03\/boton-web2.png\" alt=\"\" width=\"158\" height=\"45\" \/>[\/vc_column_text][vc_empty_space height=\u00bb55px\u00bb][\/vc_column][vc_column width=\u00bb1\/4&#8243; offset=\u00bbvc_col-lg-3 vc_col-md-3&#8243;][vc_single_image image=\u00bb950&#8243; img_size=\u00bbmedium\u00bb style=\u00bbvc_box_outline_circle_2&#8243; onclick=\u00bbcustom_link\u00bb img_link_target=\u00bb_blank\u00bb qode_css_animation=\u00bb\u00bb qode_hover_animation=\u00bbdarken\u00bb][vc_empty_space height=\u00bb10px\u00bb][vc_column_text]<\/p>\n<p style=\"text-align: left;\"><a href=\"https:\/\/elisaba.com\/index.php\/computacion-basica\/\"><strong>Curso de computaci\u00f3n b\u00e1sica<\/strong><\/a><\/p>\n<p>[\/vc_column_text][vc_column_text]<\/p>\n<p style=\"text-align: left;\">Curso personalizado online<\/p>\n<p style=\"text-align: left;\">1 profesor por alumno<\/p>\n<ul style=\"text-align: left;\">\n<li style=\"text-align: left;\">Horarios a elegir<\/li>\n<\/ul>\n<p><img decoding=\"async\" class=\"alignnone size-full wp-image-1633 alignleft\" src=\"https:\/\/elisaba.com\/wp-content\/uploads\/2020\/03\/boton-web2.png\" alt=\"\" width=\"158\" height=\"45\" \/>[\/vc_column_text][vc_empty_space height=\u00bb55px\u00bb][\/vc_column][vc_column][vc_separator css_animation=\u00bbfadeInDown\u00bb type=\u00bbnormal\u00bb][vc_empty_space height=\u00bb20px\u00bb][\/vc_column][\/vc_row][vc_row css_animation=\u00bb\u00bb row_type=\u00bbrow\u00bb use_row_as_full_screen_section=\u00bbno\u00bb type=\u00bbfull_width\u00bb angled_section=\u00bbno\u00bb text_align=\u00bbleft\u00bb background_image_as_pattern=\u00bbwithout_pattern\u00bb][vc_column][vc_single_image image=\u00bb1669&#8243; img_size=\u00bblarge\u00bb alignment=\u00bbcenter\u00bb qode_css_animation=\u00bbelement_from_top\u00bb qode_hover_animation=\u00bbzoom_in\u00bb][vc_empty_space height=\u00bb50px\u00bb][\/vc_column][\/vc_row][vc_row css_animation=\u00bb\u00bb row_type=\u00bbrow\u00bb use_row_as_full_screen_section=\u00bbno\u00bb type=\u00bbfull_width\u00bb angled_section=\u00bbno\u00bb text_align=\u00bbleft\u00bb background_image_as_pattern=\u00bbwithout_pattern\u00bb][vc_column width=\u00bb1\/4&#8243;][\/vc_column][vc_column width=\u00bb1\/2&#8243;][vc_single_image image=\u00bb1525&#8243; img_size=\u00bbfull\u00bb alignment=\u00bbcenter\u00bb style=\u00bbvc_box_shadow_3d\u00bb qode_css_animation=\u00bb\u00bb][vc_empty_space height=\u00bb27px\u00bb][vc_column_text]<\/p>\n<h4 style=\"text-align: center;\"><strong><span style=\"color: #808080;\">Capacitamos y formamos en base a la experiencia profesional de nuestros docentes.<\/span><\/strong><\/h4>\n<p>[\/vc_column_text][vc_single_image image=\u00bb1544&#8243; img_size=\u00bbfull\u00bb alignment=\u00bbcenter\u00bb qode_css_animation=\u00bb\u00bb][vc_empty_space height=\u00bb27px\u00bb][vc_separator type=\u00bbsmall\u00bb position=\u00bbcenter\u00bb color=\u00bb#e05038&#8243; thickness=\u00bb1&#8243; width=\u00bb238&#8243; up=\u00bb-10&#8243; down=\u00bb0&#8243;][vc_empty_space height=\u00bb27px\u00bb][vc_column_text]<\/p>\n<div class=\"_39k2\">\n<h4 id=\"js_k4\" class=\"_4lmk _2vxa autofocus _5s6c _5f0v\" style=\"text-align: center;\" tabindex=\"-1\"><span style=\"color: #808080;\">Capac\u00edtate en ELISABA School<\/span><\/h4>\n<p style=\"text-align: center;\">Cursos de capacitaci\u00f3n en Quito &#8211; Ecuador<\/p>\n<\/div>\n<div class=\"_39k5 _5s6c\">\n<div class=\"_2cuy _3dgx _2vxa\" style=\"text-align: center;\"><span class=\"_4yxo\">Formamos a los l\u00edderes de la transformaci\u00f3n laboral. <\/span>Somos especialistas en formaci\u00f3n y desarrollo de talento. Ofrecemos una visi\u00f3n hol\u00edstica del negocio digital adem\u00e1s de formaci\u00f3n especializada en distintos cursos.<\/div>\n<div class=\"_2cuy _3dgx _2vxa\" style=\"text-align: center;\"><span class=\"_4yxo\">Impartido por profesionales para formar profesionales.<\/span> Excelentes docentes activos en las empresas m\u00e1s relevantes del sector imparten las capacitaciones.<\/div>\n<div class=\"_2cuy _3dgx _2vxa\" style=\"text-align: center;\"><span class=\"_4yxo\">Aplicaci\u00f3n directa a negocio real. <\/span>Metodolog\u00eda basada en la aplicaci\u00f3n inmediata de los conocimientos a una empresa o necesidad real a medida que se van adquiriendo.<\/div>\n<div style=\"text-align: center;\"><\/div>\n<\/div>\n<p>[\/vc_column_text][vc_empty_space height=\u00bb27px\u00bb][vc_separator type=\u00bbsmall\u00bb position=\u00bbcenter\u00bb color=\u00bb#e05038&#8243; thickness=\u00bb1&#8243; width=\u00bb238&#8243; up=\u00bb-10&#8243; down=\u00bb0&#8243;][vc_empty_space height=\u00bb50px\u00bb][\/vc_column][vc_column width=\u00bb1\/4&#8243;][\/vc_column][\/vc_row][vc_row css_animation=\u00bb\u00bb row_type=\u00bbrow\u00bb use_row_as_full_screen_section=\u00bbno\u00bb type=\u00bbfull_width\u00bb angled_section=\u00bbno\u00bb text_align=\u00bbleft\u00bb background_image_as_pattern=\u00bbwithout_pattern\u00bb][vc_column width=\u00bb1\/5&#8243;][\/vc_column][vc_column width=\u00bb1\/5&#8243;][\/vc_column][vc_column width=\u00bb1\/5&#8243;][vc_facebook css_animation=\u00bbbounceInUp\u00bb][\/vc_column][vc_column width=\u00bb1\/5&#8243;][\/vc_column][vc_column width=\u00bb1\/5&#8243;][\/vc_column][\/vc_row][vc_row css_animation=\u00bb\u00bb row_type=\u00bbrow\u00bb use_row_as_full_screen_section=\u00bbno\u00bb type=\u00bbgrid\u00bb angled_section=\u00bbno\u00bb text_align=\u00bbcenter\u00bb background_image_as_pattern=\u00bbwithout_pattern\u00bb css=\u00bb.vc_custom_1464081602534{padding-top: 147px !important;}\u00bb][vc_column][vc_single_image image=\u00bb152&#8243; img_size=\u00bbfull\u00bb alignment=\u00bbcenter\u00bb qode_css_animation=\u00bb\u00bb][vc_column_text]<\/p>\n<h2 style=\"text-align: center;\"><span style=\"color: #800000;\">Nuestros Clientes<\/span><\/h2>\n<p>[\/vc_column_text][vc_single_image image=\u00bb152&#8243; img_size=\u00bbfull\u00bb alignment=\u00bbcenter\u00bb qode_css_animation=\u00bb\u00bb]<div class='qode_carousels_holder clearfix two_rows'><div class='qode_carousels' data-number-of-visible-items='5'><ul class='slides'><li class='item'><div class=\"carousel_item_holder\"><span class='first_image_holder '><img itemprop=\"image\" src=\"https:\/\/elisaba.com\/wp-content\/uploads\/2020\/02\/Policia_Nacional.png\" alt=\"carousel image\" \/><\/span><\/div><div class=\"carousel_item_holder\"><span class='first_image_holder '><img itemprop=\"image\" src=\"https:\/\/elisaba.com\/wp-content\/uploads\/2020\/02\/aronem.png\" alt=\"carousel image\" \/><\/span><\/div><\/li><li class='item'><div class=\"carousel_item_holder\"><a itemprop='url' href='https:\/\/www.facebook.com\/profile.php?id=100066967016941' target='_blank'><span class='first_image_holder '><img itemprop=\"image\" src=\"https:\/\/elisaba.com\/wp-content\/uploads\/2020\/11\/Euromedic.png\" alt=\"carousel image\" \/><\/span><\/a><\/div><div class=\"carousel_item_holder\"><span class='first_image_holder '><img itemprop=\"image\" src=\"https:\/\/elisaba.com\/wp-content\/uploads\/2020\/02\/EC-Solutions.png\" alt=\"carousel image\" \/><\/span><\/div><\/li><li class='item'><div class=\"carousel_item_holder\"><a itemprop='url' href='https:\/\/www.facebook.com\/jasaevolution\/' target='_blank'><span class='first_image_holder '><img itemprop=\"image\" src=\"http:\/\/elisaba.com\/wp-content\/uploads\/2019\/07\/Jasa.png\" alt=\"carousel image\" \/><\/span><\/a><\/div><div class=\"carousel_item_holder\"><a itemprop='url' href='http:\/\/ormedic.com.ec\/' target='_blank'><span class='first_image_holder '><img itemprop=\"image\" src=\"http:\/\/elisaba.com\/wp-content\/uploads\/2019\/07\/OrmedicEcuador.png\" alt=\"carousel image\" \/><\/span><\/a><\/div><\/li><li class='item'><div class=\"carousel_item_holder\"><a itemprop='url' href='https:\/\/www.ecuaroofing.com\/' target='_blank'><span class='first_image_holder '><img itemprop=\"image\" src=\"http:\/\/elisaba.com\/wp-content\/uploads\/2019\/07\/Ecuaroofing.png\" alt=\"carousel image\" \/><\/span><\/a><\/div><div class=\"carousel_item_holder\"><a itemprop='url' href='https:\/\/www.samadimotos.com\/' target='_blank'><span class='first_image_holder '><img itemprop=\"image\" src=\"http:\/\/elisaba.com\/wp-content\/uploads\/2019\/07\/SAMADI.png\" alt=\"carousel image\" \/><\/span><\/a><\/div><\/li><li class='item'><div class=\"carousel_item_holder\"><a itemprop='url' href='https:\/\/www.facebook.com\/LaCayenaBoutiqueGastronomica\/' target='_blank'><span class='first_image_holder '><img itemprop=\"image\" src=\"http:\/\/elisaba.com\/wp-content\/uploads\/2019\/07\/La-Cayena.png\" alt=\"carousel image\" \/><\/span><\/a><\/div><div class=\"carousel_item_holder\"><a itemprop='url' href='https:\/\/www.facebook.com\/MCTECUADOR\/' target='_blank'><span class='first_image_holder '><img itemprop=\"image\" src=\"http:\/\/elisaba.com\/wp-content\/uploads\/2019\/07\/Mahcar-Trucks.png\" alt=\"carousel image\" \/><\/span><\/a><\/div><\/li><\/ul><\/div><\/div>[vc_empty_space height=\u00bb30px\u00bb][\/vc_column][\/vc_row]<\/p>\n","protected":false},"excerpt":{"rendered":"<p>[vc_row row_type=\u00bbparallax\u00bb parallax_content_width=\u00bbfull_width\u00bb text_align=\u00bbcenter\u00bb background_image=\u00bb60&#8243; full_screen_section_height=\u00bbyes\u00bb vertically_align_content_in_middle=\u00bbyes\u00bb][vc_column][vc_empty_space height=\u00bb50px\u00bb][\/vc_column][vc_column][vc_column_text]Curso de Dise\u00f1o Gr\u00e1fico \u2502 Curso de Excel \u2502Curso de Redes Sociales\u2502Marketing Digital\u2502Cursos Online.[\/vc_column_text][vc_single_image image=\u00bb1464&#8243; img_size=\u00bbfull\u00bb alignment=\u00bbcenter\u00bb qode_css_animation=\u00bb\u00bb][\/vc_column][\/vc_row][vc_row css_animation=\u00bb\u00bb row_type=\u00bbrow\u00bb use_row_as_full_screen_section=\u00bbno\u00bb type=\u00bbgrid\u00bb anchor=\u00bbtop\u00bb angled_section=\u00bbno\u00bb text_align=\u00bbcenter\u00bb background_image_as_pattern=\u00bbwithout_pattern\u00bb css=\u00bb.vc_custom_1463484603066{padding-top: 130px !important;}\u00bb][vc_column][vc_column_text] \u00a0ELISABA SCHOOL QUITO \u00a0 Pr\u00f3xima Re apertura [\/vc_column_text][vc_single_image image=\u00bb152&#8243;&#8230;<\/p>\n","protected":false},"author":1,"featured_media":1147,"parent":0,"menu_order":0,"comment_status":"closed","ping_status":"closed","template":"full_width.php","meta":{"footnotes":""},"_links":{"self":[{"href":"https:\/\/elisaba.com\/index.php\/wp-json\/wp\/v2\/pages\/258"}],"collection":[{"href":"https:\/\/elisaba.com\/index.php\/wp-json\/wp\/v2\/pages"}],"about":[{"href":"https:\/\/elisaba.com\/index.php\/wp-json\/wp\/v2\/types\/page"}],"author":[{"embeddable":true,"href":"https:\/\/elisaba.com\/index.php\/wp-json\/wp\/v2\/users\/1"}],"replies":[{"embeddable":true,"href":"https:\/\/elisaba.com\/index.php\/wp-json\/wp\/v2\/comments?post=258"}],"version-history":[{"count":489,"href":"https:\/\/elisaba.com\/index.php\/wp-json\/wp\/v2\/pages\/258\/revisions"}],"predecessor-version":[{"id":1882,"href":"https:\/\/elisaba.com\/index.php\/wp-json\/wp\/v2\/pages\/258\/revisions\/1882"}],"wp:featuredmedia":[{"embeddable":true,"href":"https:\/\/elisaba.com\/index.php\/wp-json\/wp\/v2\/media\/1147"}],"wp:attachment":[{"href":"https:\/\/elisaba.com\/index.php\/wp-json\/wp\/v2\/media?parent=258"}],"curies":[{"name":"wp","href":"https:\/\/api.w.org\/{rel}","templated":true}]}}