{"id":321,"date":"2019-07-16T15:14:01","date_gmt":"2019-07-16T15:14:01","guid":{"rendered":"http:\/\/elisaba.com\/?page_id=321"},"modified":"2023-02-23T21:20:11","modified_gmt":"2023-02-23T21:20:11","slug":"curso-diseno-grafico","status":"publish","type":"page","link":"https:\/\/elisaba.com\/index.php\/curso-diseno-grafico\/","title":{"rendered":"Curso de Dise\u00f1o Gr\u00e1fico"},"content":{"rendered":"<p>[vc_row css_animation=\u00bb\u00bb row_type=\u00bbrow\u00bb use_row_as_full_screen_section=\u00bbno\u00bb type=\u00bbfull_width\u00bb angled_section=\u00bbno\u00bb text_align=\u00bbleft\u00bb background_image_as_pattern=\u00bbwithout_pattern\u00bb][vc_column][vc_empty_space height=\u00bb60px\u00bb][\/vc_column][\/vc_row][vc_row row_type=\u00bbparallax\u00bb parallax_content_width=\u00bbin_grid\u00bb text_align=\u00bbleft\u00bb background_image=\u00bb60&#8243; full_screen_section_height=\u00bbno\u00bb][vc_column width=\u00bb1\/6&#8243;][vc_empty_space height=\u00bb70px\u00bb][vc_single_image image=\u00bb1142&#8243; img_size=\u00bbfull\u00bb alignment=\u00bbcenter\u00bb qode_css_animation=\u00bb\u00bb][vc_separator type=\u00bbnormal\u00bb][\/vc_column][vc_column width=\u00bb2\/3&#8243;][vc_column_text]<\/p>\n<h4 style=\"text-align: center;\"><strong><span style=\"color: #981331;\">CURSO DE DISE\u00d1O GR\u00c1FICO EN QUITO<\/span><\/strong><\/h4>\n<p>[\/vc_column_text][vc_empty_space][vc_column_text]Curso de Dise\u00f1o Gr\u00e1fico en Quito avalado por la\u00a0 <a href=\"http:\/\/www.setec.gob.ec\/\">SETEC<\/a> | Aprende Ilustrador, photoshop e Indesign.<\/p>\n<p>En nuestro curso de dise\u00f1o gr\u00e1fico online con clases en vivo el estudiante aprender\u00e1 y dominar\u00e1 las herramientas m\u00e1s importantes de ADOBE como: <em>Ilustrador, Photoshop e Indesign.<\/em><\/p>\n<p>&nbsp;<\/p>\n<h6><strong>Aprende a manejar los programas de Adobe<\/strong><\/h6>\n<p>Consigue un conocimiento s\u00f3lido y\u00a0 realiza tus propios dise\u00f1os en un contexto real y creativo con profesionales donde el dise\u00f1o se posiciona como motor de cambio y modelo de negocio.<\/p>\n<p>Nuestros estudios son v\u00e1lidos y reconocidos por la secretar\u00eda T\u00e9cnica de Cualificaciones Profesionales <a href=\"http:\/\/www.setec.gob.ec\/\">SETEC<\/a><\/p>\n<p>&nbsp;<\/p>\n<h6><strong>Tenemos tres m\u00f3dulos en un solo curso:<\/strong><\/h6>\n<ul>\n<li><a href=\"https:\/\/www.youtube.com\/watch?v=0xe9q3DVuO0\"><span style=\"color: #800000;\"><strong>Ilustrador<\/strong><\/span><\/a> : Aprender\u00e1s a controlar el programa de dibujo vectorial l\u00edder en el sector gr\u00e1fico.<\/li>\n<li dir=\"ltr\"><span style=\"color: #800000;\"><strong>Photoshop<\/strong><\/span> : Controlar\u00e1s el programa de retoque fotogr\u00e1fico m\u00e1s utilizado en el mundo del dise\u00f1o y la publicidad.<\/li>\n<li><span style=\"color: #800000;\"><strong>InDesign<\/strong><\/span> : Dominar\u00e1s el programa de diagramaci\u00f3n para dise\u00f1ar revistas, peri\u00f3dicos, libros, cat\u00e1logos, etc.<\/li>\n<\/ul>\n<p dir=\"ltr\"><span style=\"color: #808080;\">Recuerda que en <span style=\"color: #800000;\"><a style=\"color: #800000;\" href=\"http:\/\/www.Elisaba.com\">Elisaba School<\/a><\/span> puedes repetir el curso completo o recuperar tus clases sin ning\u00fan costo en cualquiera de nuestros <a href=\"http:\/\/www.elisaba.com\">horarios<\/a>\u00a0de lunes a viernes o fines de semana.\u00a0<\/span><\/p>\n<p><span style=\"color: #ffffff;\">Elisaba School\u00a0 www.elisaba.com<\/span>[\/vc_column_text][vc_single_image image=\u00bb1522&#8243; img_size=\u00bbfull\u00bb alignment=\u00bbcenter\u00bb qode_css_animation=\u00bb\u00bb][vc_empty_space][vc_separator type=\u00bbnormal\u00bb][vc_column_text]<strong><span style=\"color: #981331;\">Objetivo:<\/span><br \/>\n<\/strong><\/p>\n<div class=\"wpb_text_column wpb_content_element \">\n<div class=\"wpb_wrapper\">\n<p>El Dise\u00f1o Gr\u00e1fico ocupa en la actualidad un espacio muy importante dentro de las industrias y el mercado en general.<\/p>\n<p>El objetivo del presente curso es preparar al participante para crear sus propios dise\u00f1os y plasmarlos de forma profesional con un conocimiento s\u00f3lidos de los principales programas de ADOBE.<\/p>\n<\/div>\n<\/div>\n<p>[\/vc_column_text][vc_separator type=\u00bbnormal\u00bb][vc_column_text]<strong><span style=\"color: #983113;\">\u00bfA quien est\u00e1 destinado?<\/span><\/strong><\/p>\n<p>El curso est\u00e1 dirigido a todas las personas interesadas en aprender y crear sus propios dise\u00f1os con un concepto m\u00e1s profesional, comunicando y transmitiendo sus necesidades con un valor agregado para despu\u00e9s aplicarlos de manera correcta en su negocio o empresa.[\/vc_column_text][vc_separator type=\u00bbnormal\u00bb][vc_column_text]<strong><span style=\"color: #983113;\">Conocimientos previos<\/span><\/strong><\/p>\n<p>Manejo y uso solvente del computador.<span style=\"color: #ffffff;\">Elisaba.com\u00a0<\/span>[\/vc_column_text][vc_separator type=\u00bbnormal\u00bb][vc_accordion active_tab=\u00bb1&#8243; style=\u00bbboxed_accordion\u00bb][vc_accordion_tab title=\u00bb\u00bfPorqu\u00e9 capacitarse con nosotros?\u00bb title_color=\u00bb#a82626&#8243; title_tag=\u00bbh6&#8243;][vc_row_inner row_type=\u00bbrow\u00bb type=\u00bbfull_width\u00bb text_align=\u00bbleft\u00bb css_animation=\u00bb\u00bb][vc_column_inner width=\u00bb1\/2&#8243;][vc_single_image image=\u00bb1525&#8243; img_size=\u00bbmedium\u00bb alignment=\u00bbcenter\u00bb style=\u00bbvc_box_shadow_border\u00bb qode_css_animation=\u00bb\u00bb][\/vc_column_inner][vc_column_inner width=\u00bb1\/2&#8243;][vc_column_text]Contamos con profesores altamente calificados en la rama del dise\u00f1o gr\u00e1fico, con experiencia en agencias de publicidad, docencia universitaria y t\u00edtulos de tercer nivel en el \u00e1rea.<\/p>\n<p><img decoding=\"async\" class=\"alignnone size-medium wp-image-1524\" src=\"https:\/\/elisaba.com\/wp-content\/uploads\/2020\/02\/codigo-setec-300x78.jpg\" alt=\"\" width=\"300\" height=\"78\" srcset=\"https:\/\/elisaba.com\/wp-content\/uploads\/2020\/02\/codigo-setec-300x78.jpg 300w, https:\/\/elisaba.com\/wp-content\/uploads\/2020\/02\/codigo-setec.jpg 344w\" sizes=\"(max-width: 300px) 100vw, 300px\" \/><\/p>\n<p>Adem\u00e1s contamos con instalaciones totalmente equipadas las cuales garantizan un \u00f3ptimo aprendizaje y comodidad para nuestros estudiantes.[\/vc_column_text][\/vc_column_inner][\/vc_row_inner][\/vc_accordion_tab][vc_accordion_tab title=\u00bb\u00bfQue incluye nuestro curso de capacitaci\u00f3n?\u00bb title_color=\u00bb#a82626&#8243; title_tag=\u00bbh6&#8243;][vc_row_inner row_type=\u00bbrow\u00bb type=\u00bbfull_width\u00bb text_align=\u00bbleft\u00bb css_animation=\u00bb\u00bb][vc_column_inner width=\u00bb1\/2&#8243;][vc_single_image image=\u00bb1147&#8243; img_size=\u00bbfull\u00bb alignment=\u00bbcenter\u00bb qode_css_animation=\u00bb\u00bb][\/vc_column_inner][vc_column_inner width=\u00bb1\/2&#8243;][vc_column_text]<\/p>\n<h3 class=\"uk-margin-top-remove\"><span style=\"color: #983113;\">El curso incluye:<\/span><\/h3>\n<p>-Material did\u00e1ctico<\/p>\n<p>-Capacitaci\u00f3n con un docente experto en la materia.<\/p>\n<p>-Uso de laboratorios y aulas equipadas (no requiere traer computadora)<\/p>\n<p>-Certificado ELISABA school &#8211; Centro de capacitaci\u00f3n profesional avalado por la SETEC.gob.ec<\/p>\n<p>-Manual instructivo de todo el contenido aprendido en el curso.<\/p>\n<ul>\n<li><span style=\"color: #800000;\"><strong>NOTA: <span style=\"color: #808080;\">En Elisaba School puedes repetir el curso o volver a nivelarte sin ning\u00fan costo adicional en cualquiera de nuestros horarios disponibles.<\/span><\/strong><\/span><\/li>\n<\/ul>\n<p>[\/vc_column_text][\/vc_column_inner][\/vc_row_inner][\/vc_accordion_tab][\/vc_accordion][vc_single_image image=\u00bb1255&#8243; img_size=\u00bbfull\u00bb alignment=\u00bbcenter\u00bb qode_css_animation=\u00bb\u00bb][\/vc_column][vc_column width=\u00bb1\/6&#8243;][vc_empty_space height=\u00bb70px\u00bb][vc_separator type=\u00bbnormal\u00bb][vc_column_text]Direcci\u00f3n:<\/p>\n<p>Pr\u00f3xima re apertura[\/vc_column_text][vc_single_image image=\u00bb1149&#8243; img_size=\u00bbfull\u00bb alignment=\u00bbcenter\u00bb style=\u00bbvc_box_shadow_3d\u00bb qode_css_animation=\u00bb\u00bb][vc_separator type=\u00bbnormal\u00bb][\/vc_column][\/vc_row][vc_row css_animation=\u00bb\u00bb row_type=\u00bbrow\u00bb use_row_as_full_screen_section=\u00bbno\u00bb type=\u00bbfull_width\u00bb angled_section=\u00bbno\u00bb text_align=\u00bbleft\u00bb background_image_as_pattern=\u00bbwithout_pattern\u00bb][vc_column width=\u00bb1\/6&#8243;][\/vc_column][vc_column width=\u00bb2\/3&#8243;]<div class=\"custom_font_holder\" style=\" font-size: 15px; line-height: 26px; font-style: italic; font-weight: 300; text-decoration: none; text-shadow: 1px 1px 2px rgba(0, 0, 0, 0.4); text-align: center;\">\n<h4 style=\"text-align: center;\"><strong><span style=\"color: #800000;\">Temario: Curso de Dise\u00f1o Gr\u00e1fico<\/span><\/strong><\/h4>\n<\/div>[vc_empty_space height=\u00bb60px\u00bb][\/vc_column][vc_column width=\u00bb1\/6&#8243;][\/vc_column][\/vc_row][vc_row css_animation=\u00bb\u00bb row_type=\u00bbrow\u00bb use_row_as_full_screen_section=\u00bbno\u00bb type=\u00bbfull_width\u00bb angled_section=\u00bbno\u00bb text_align=\u00bbleft\u00bb background_image_as_pattern=\u00bbwithout_pattern\u00bb][vc_column width=\u00bb1\/6&#8243;][\/vc_column][vc_column width=\u00bb1\/3&#8243;]<div class='q_list circle light'><\/p>\n<h6><span style=\"color: #800000;\"><strong>1.\u00a0 \u00a0Ilustrador<\/strong><\/span><\/h6>\n<ul>\n<li>Conceptos generales de Adobe Ilustrador<\/li>\n<li>Medidas y entorno de trabajo<\/li>\n<li>Herramientas de selecci\u00f3n<\/li>\n<li>Figuras geom\u00e9tricas<\/li>\n<li>Figuras y composici\u00f3n<\/li>\n<li>Teor\u00eda y psicolog\u00eda de color<\/li>\n<li>CMYK vs RGB<\/li>\n<li>Panel de colores planos<\/li>\n<li>Colores degradados<\/li>\n<li>Herramienta pluma<\/li>\n<li>Herramienta pincel y bordes personalizados<\/li>\n<li>Herramientas y panel de texto<\/li>\n<li>Panel de capas y m\u00e9todos de organizaci\u00f3n de objetos<\/li>\n<li>Panel de s\u00edmbolos<\/li>\n<li>Colocar Im\u00e1genes<\/li>\n<li>Re dibujo manual<\/li>\n<li>Re dibujo autom\u00e1tico<\/li>\n<li>Mascaras de recorte<\/li>\n<li>Dise\u00f1o aplicado a redes sociales.<\/li>\n<li>Trabajar con manual de imagen corporativo<\/li>\n<li>Diagramaci\u00f3n y herramienta regla.<\/li>\n<li>Dise\u00f1o para web<\/li>\n<li>Dise\u00f1o avanzado con vectores e im\u00e1genes<\/li>\n<li>Guardar documento en varios formatos<\/li>\n<li>Recursos gr\u00e1ficos para dise\u00f1adores desde la web<\/li>\n<li>Ilustraci\u00f3n vectorial<\/li>\n<li>Prueba de impresi\u00f3n<\/li>\n<li>Evaluaci\u00f3n de conocimientos<\/li>\n<\/ul>\n<h6><span style=\"color: #800000;\"><strong>2.\u00a0 \u00a0<\/strong><strong>Indesign<\/strong><\/span><\/h6>\n<ul>\n<li>Introducci\u00f3n y posibilidades de Indesign<\/li>\n<li>Conceptos generales de diagramaci\u00f3n<\/li>\n<li>Medidas y entorno de trabajo<\/li>\n<li>Configuraci\u00f3n de p\u00e1ginas<\/li>\n<li>Capas y organizaci\u00f3n<\/li>\n<li>Crear figuras y objetos<\/li>\n<li>Insertar im\u00e1genes en general<\/li>\n<li>Panel de texto y fuentes<\/li>\n<li>Trabajar con im\u00e1genes y combinarlo con Photoshop<\/li>\n<li>Trabajar con vectores y combinarlo con ilustrador<\/li>\n<li>Diagramaci\u00f3n avanzada<\/li>\n<li>Efectos<\/li>\n<li>Trabajar con revistas, folletos, tr\u00edpticos, etc.<\/li>\n<li>Pdf interactivo con botones<\/li>\n<li>Impresi\u00f3n de documentos<\/li>\n<li>Exportar archivos en varios formatos y empaquetar<\/li>\n<\/ul>\n<p><\/div>[\/vc_column][vc_column width=\u00bb1\/3&#8243;]<div class='q_list circle'><\/p>\n<h6><span style=\"color: #800000;\"><strong>2.\u00a0 \u00a0Photoshop<\/strong><\/span><\/h6>\n<ul>\n<li>Conceptos generales de Photoshop<\/li>\n<li>Medidas y entorno de trabajo<\/li>\n<li>Pixeles y cent\u00edmetros<\/li>\n<li>Herramienta mover<\/li>\n<li>Funciones principales de pluma, pincel y borrador<\/li>\n<li>Panel de Pinceles (diferencias y beneficio)<\/li>\n<li>Ejercicio con pinceles<\/li>\n<li>Borrador y t\u00e9cnicas de difuminaci\u00f3n<\/li>\n<li>Herramienta clonar y parche<\/li>\n<li>Herramienta de selecci\u00f3n<\/li>\n<li>An\u00e1lisis de im\u00e1genes para composici\u00f3n<\/li>\n<li>Cortar, pegar, copiar, duplicar<\/li>\n<li>Edici\u00f3n de im\u00e1genes<\/li>\n<li>Edici\u00f3n y retoque fotogr\u00e1fico<\/li>\n<li>Introducci\u00f3n a fotograf\u00eda b\u00e1sica.<\/li>\n<li>Recorte de im\u00e1genes para montajes<\/li>\n<li>Saturaci\u00f3n y cambios de color<\/li>\n<li>Dise\u00f1o para redes sociales, impresi\u00f3n o medios digitales<\/li>\n<li>Galer\u00eda de filtros, desenfoque gaussiano, licuar y ajustar.<\/li>\n<li>Panel de estilos de capa<\/li>\n<li>Exportaci\u00f3n de archivos en varios formatos, pesos y tama\u00f1os.<\/li>\n<li>Dise\u00f1o con im\u00e1genes desde la web y vectores de ilustrador.<\/li>\n<li>Dise\u00f1o y composici\u00f3n avanzada<\/li>\n<li>Presentaci\u00f3n de trabajo en clase.<\/li>\n<\/ul>\n<p><span style=\"color: #800000;\"><strong>Nota:<\/strong> Los temarios de ElisabaSchool tambi\u00e9n se ajustan a la necesidad de nuestros alumnos en conjunto con el docente al inicio de cada clase.<\/span><\/p>\n<p>&nbsp;<\/p>\n<p>&nbsp;<\/p>\n<p style=\"text-align: center;\"><em><img decoding=\"async\" class=\"alignnone wp-image-363\" src=\"https:\/\/elisaba.com\/wp-content\/uploads\/2019\/07\/logo-300x45.png\" alt=\"\" width=\"200\" height=\"30\" srcset=\"https:\/\/elisaba.com\/wp-content\/uploads\/2019\/07\/logo-300x45.png 300w, https:\/\/elisaba.com\/wp-content\/uploads\/2019\/07\/logo-600x91.png 600w, https:\/\/elisaba.com\/wp-content\/uploads\/2019\/07\/logo-768x116.png 768w, https:\/\/elisaba.com\/wp-content\/uploads\/2019\/07\/logo-1024x155.png 1024w, https:\/\/elisaba.com\/wp-content\/uploads\/2019\/07\/logo-700x106.png 700w, https:\/\/elisaba.com\/wp-content\/uploads\/2019\/07\/logo.png 1437w\" sizes=\"(max-width: 200px) 100vw, 200px\" \/><\/em><\/p>\n<p><\/div>[\/vc_column][vc_column width=\u00bb1\/6&#8243;][\/vc_column][\/vc_row][vc_row css_animation=\u00bb\u00bb row_type=\u00bbrow\u00bb use_row_as_full_screen_section=\u00bbno\u00bb type=\u00bbfull_width\u00bb angled_section=\u00bbno\u00bb text_align=\u00bbleft\u00bb background_image_as_pattern=\u00bbwithout_pattern\u00bb][vc_column][vc_empty_space height=\u00bb60px\u00bb][\/vc_column][\/vc_row]<\/p>\n","protected":false},"excerpt":{"rendered":"<p>[vc_row css_animation=\u00bb\u00bb row_type=\u00bbrow\u00bb use_row_as_full_screen_section=\u00bbno\u00bb type=\u00bbfull_width\u00bb angled_section=\u00bbno\u00bb text_align=\u00bbleft\u00bb background_image_as_pattern=\u00bbwithout_pattern\u00bb][vc_column][vc_empty_space height=\u00bb60px\u00bb][\/vc_column][\/vc_row][vc_row row_type=\u00bbparallax\u00bb parallax_content_width=\u00bbin_grid\u00bb text_align=\u00bbleft\u00bb background_image=\u00bb60&#8243; full_screen_section_height=\u00bbno\u00bb][vc_column width=\u00bb1\/6&#8243;][vc_empty_space height=\u00bb70px\u00bb][vc_single_image image=\u00bb1142&#8243; img_size=\u00bbfull\u00bb alignment=\u00bbcenter\u00bb qode_css_animation=\u00bb\u00bb][vc_separator type=\u00bbnormal\u00bb][\/vc_column][vc_column width=\u00bb2\/3&#8243;][vc_column_text] CURSO DE DISE\u00d1O GR\u00c1FICO EN QUITO [\/vc_column_text][vc_empty_space][vc_column_text]Curso de Dise\u00f1o Gr\u00e1fico en Quito avalado por la\u00a0 SETEC | Aprende Ilustrador, photoshop e Indesign. En&#8230;<\/p>\n","protected":false},"author":1,"featured_media":1522,"parent":0,"menu_order":0,"comment_status":"closed","ping_status":"closed","template":"","meta":{"footnotes":""},"_links":{"self":[{"href":"https:\/\/elisaba.com\/index.php\/wp-json\/wp\/v2\/pages\/321"}],"collection":[{"href":"https:\/\/elisaba.com\/index.php\/wp-json\/wp\/v2\/pages"}],"about":[{"href":"https:\/\/elisaba.com\/index.php\/wp-json\/wp\/v2\/types\/page"}],"author":[{"embeddable":true,"href":"https:\/\/elisaba.com\/index.php\/wp-json\/wp\/v2\/users\/1"}],"replies":[{"embeddable":true,"href":"https:\/\/elisaba.com\/index.php\/wp-json\/wp\/v2\/comments?post=321"}],"version-history":[{"count":162,"href":"https:\/\/elisaba.com\/index.php\/wp-json\/wp\/v2\/pages\/321\/revisions"}],"predecessor-version":[{"id":1829,"href":"https:\/\/elisaba.com\/index.php\/wp-json\/wp\/v2\/pages\/321\/revisions\/1829"}],"wp:featuredmedia":[{"embeddable":true,"href":"https:\/\/elisaba.com\/index.php\/wp-json\/wp\/v2\/media\/1522"}],"wp:attachment":[{"href":"https:\/\/elisaba.com\/index.php\/wp-json\/wp\/v2\/media?parent=321"}],"curies":[{"name":"wp","href":"https:\/\/api.w.org\/{rel}","templated":true}]}}